{"id":15470,"date":"2021-06-22T06:33:51","date_gmt":"2021-06-22T06:33:51","guid":{"rendered":"https:\/\/donaton.ro\/ro\/?page_id=15470"},"modified":"2025-05-09T14:35:35","modified_gmt":"2025-05-09T14:35:35","slug":"versenyszabalyzat","status":"publish","type":"page","link":"https:\/\/donaton.ro\/ro\/versenyszabalyzat\/","title":{"rendered":"REGULAMENT"},"content":{"rendered":"<div class=\"wpb-content-wrapper\"><p>[vc_row][vc_column width=&#8221;1\/1&#8243;][vc_column_text]<span style=\"font-family: Times New Roman, serif; font-size: medium;\"><b>REGULAMENT DE CONCURS<\/b><\/span><\/p>\n<ol>\n<li>Prezentul regulament de concurs (\u00een continuare: Regulamentul) se refer\u0103 la CONCURSUL KMN \u2013 DONATON edi\u021bia a VII-a, care va avea loc \u00een data de 23 august, organizatorul principal fiind Asocia\u021bia Clujul Comoar\u0103 (\u00een continuare: Organizatorul). Regulamentul a fost \u00eentocmit de Organizator \u00een vederea derul\u0103rii f\u0103r\u0103 impedimente a concursului, a inform\u0103rii concuren\u021bilor \u0219i a realiz\u0103rii unei competi\u021bii echitabile \u0219i regulamentare.<\/li>\n<li>Concursul de alergare se desf\u0103\u0219oar\u0103 pe distan\u021bele de 1 km, 5 km, 10 km, 21 km individual, pe traseele marcate de organizator.<\/li>\n<li>Participantul are obliga\u021bia de a achita taxa de \u00eenscriere, respectiv de a accepta \u0219i semna Declara\u021bia de asumare a r\u0103spunderii.<\/li>\n<li>Nu exist\u0103 v\u00e2rst\u0103 minim\u0103 de participare la concursul de alergare; condi\u021bia pentru participarea minorilor sunt 18 ani este completarea \u0219i semnarea de c\u0103tre p\u0103rinte a Declara\u021biei de acord al p\u0103rintelui \u0219i a Declara\u021biei de asumare a r\u0103spunderii \u0219i depunerea acestora \u00een momentul \u00eenscrierii.<\/li>\n<li>Concuren\u021bii \u00ee\u0219i pot \u00eencerca for\u021bele pe distan\u021bele de\u00a0<b>1, 5, 10 \u015fi 21 kilometri<\/b>. Traseele vor fi marcate \u00een incinta Parcului Etnografic &#8221;Romulus Vuia&#8221; \u0219i \u00een p\u0103durea Hoia. Traseul concursului de 1 km se afl\u0103 integral \u00een incinta Parcului Etnografic. Primul \u0219i ultimul 1 km din traseul curselor de 5, 10 \u015fi 21 km se afl\u0103 \u00een incinta Parcului Etnografic, iar segmentul intermediar al acestor distan\u021be pe c\u0103r\u0103rile p\u0103durii Hoia.<\/li>\n<\/ol>\n<p><span style=\"font-family: Times New Roman, serif;\"><span style=\"font-size: medium;\"><b>I. Informa\u021bii generale. V\u0103 rug\u0103m s\u0103 le citi\u021bi cu aten\u021bie!<\/b><\/span><\/span><\/p>\n<ol>\n<li>Orele de desf\u0103\u0219urare pot fi modificate \u00een func\u021bie de factori lega\u021bi de loc \u0219i de condi\u021biile meteorologice!<\/li>\n<li>Num\u0103rul participan\u021bilor la eveniment este limitat. \u00censcrierile vor fi procesate \u00een ordinea tranzac\u021biilor bancare. \u00cen cazul \u00een care plata taxei de \u00eenscriere a unei persoane este procesat\u0103 dup\u0103 atingerea num\u0103rului limit\u0103 de participan\u021bi, persoana respectiv\u0103 nu va putea participa la concurs.<\/li>\n<li>Participan\u021bii \u00eenscri\u0219i pot prelua pachetele de start numai personal.<\/li>\n<li>Preluarea pachetelor de start: \u00een data de 22 august \u00eentre orele 15:00 &#8211; 20:00 la punctul info din Pia\u021ba Unirii.<\/li>\n<li>Pentru participarea la concurs este necesar exclusiv pachetul de start, care poate fi preluat \u00een prealabil. Participan\u021bii vor fi anun\u021ba\u021bi prin e-mail privind locul exact; aceast\u0103 informa\u021bie va fi disponibil\u0103 \u0219i pe Facebook \u0219i pe pagina web a concursului. Pachetele de start pot fi preluate \u00een ziua dinaintea concursului &#8211; vineri, 22 august, de la Punctul de informa\u021bii din Pia\u021ba Unirii, \u00eentre orele 15\u201320.<\/li>\n<li>Organizatorul va informa participan\u021bii cu privire la eventualele schimb\u0103ri \u00eenainte de startul concursului \u0219i la loca\u021bia concursului.<\/li>\n<li>Barem: 4 ore<\/li>\n<\/ol>\n<p><span style=\"font-family: Times New Roman, serif;\"><span style=\"font-size: medium;\"><b>II. Procesul de \u00eenscriere<\/b><\/span><\/span><\/p>\n<ol>\n<li>Organizatorul asigur\u0103 numai \u00eenscriere \u00een avans.<\/li>\n<li>\u00censcrierea \u00een avans const\u0103 \u00een predarea formularului de \u00eenscriere completat \u0219i achitarea taxei de \u00eenscriere.<\/li>\n<li>Organizatorul accept\u0103 \u00eenscrieri \u00eencep\u00e2nd din data de 15 mai 2025, ora 12:00; \u00eenscrierea valabil\u0103 include \u00eencasarea de c\u0103tre organizator a taxei de \u00eenscriere. \u00censcrierile sunt posibile p\u00e2n\u0103 la atingerea num\u0103rului limit\u0103 de participan\u021bi.<\/li>\n<li>Organizatorul asigur\u0103 un formular de \u00eenscriere online pentru \u00eenscrierea \u00een avans.<\/li>\n<li>Condi\u021bia pentru participarea minorilor sunt 18 ani este depunerea \u00een momentul \u00eenscrierii a Declara\u021biei de acord al p\u0103rintelui.<\/li>\n<li>\u00cen cazul participan\u021bilor cu v\u00e2rsta peste 18 ani, condi\u021bia obligatorie a particip\u0103rii este completarea \u0219i acceptarea Declara\u021biei de asumare a r\u0103spunderii, electronic, pe platforma de \u00eenscriere.<\/li>\n<li>Formularul de \u00eenscriere online este transmis automat organizatorului prin ap\u0103sarea butonului \u201e\u00censcriere\u201d, deci nu este necesar\u0103 trimiterea acestuia \u00een orice alt mod.<\/li>\n<li>Formularul de \u00eenscriere online nu necesit\u0103 semn\u0103tur\u0103, acesta devine valabil \u00een momentul accept\u0103rii declara\u021biei incluse \u00een acesta.<\/li>\n<li>Taxa de \u00eenscriere con\u021bine \u00een toate cazurile pachetul de start.<\/li>\n<li>Modific\u0103ri ulterioare ale \u00eenscrierii nu sunt posibile.<\/li>\n<\/ol>\n<p><span style=\"font-family: Times New Roman, serif;\"><span style=\"font-size: medium;\"><b>III. Taxe de \u00eenscriere<\/b><\/span><\/span><\/p>\n<p>Tax\u0103 de participare <strong>REDUS<\/strong> p\u00e2n\u0103 \u00een data de <strong>17 august ora 24:00:<\/strong><\/p>\n<ul>\n<li>sub 14 ani: 15 lei<\/li>\n<li>peste 14 ani: 30 lei<\/li>\n<\/ul>\n<p>\u00cen perioada <strong>18 august-21 august ora 12:00<\/strong>:<\/p>\n<ul>\n<li>sub 14 ani: 25 lei<\/li>\n<li>peste 14 ani: 40 lei<\/li>\n<\/ul>\n<p><span style=\"font-family: Times New Roman, serif;\"><span style=\"font-size: medium;\"><b>IV. \u00censcriere la fa\u021ba locului, restituirea sumelor achitate, for\u021b\u0103 major\u0103<\/b><\/span><\/span><\/p>\n<ol>\n<li>\u00censcrierea la fa\u021ba locului nu este posibil\u0103.<\/li>\n<li>\u00cen cazul \u00een care condi\u021biile meteorologice nu permit organizarea concursului, organizatorul va informa participan\u021bii despre acest lucru \u0219i concursul va fi organizat la o dat\u0103 ulterioar\u0103.<\/li>\n<li>\u00cen cazul situa\u021biilor de for\u021b\u0103 major\u0103 de aceast\u0103 natur\u0103, organizatorul nu are obliga\u021bia de a restitui taxele de \u00eenscriere achitate.<\/li>\n<\/ol>\n<p><span style=\"font-family: Times New Roman, serif;\"><span style=\"font-size: medium;\"><b>V. Con\u021binutul taxei de \u00eenscriere<\/b><\/span><\/span><\/p>\n<p><span style=\"font-family: Times New Roman, serif;\"><span style=\"font-size: medium;\">Taxa de \u00eenscriere acoper\u0103 urm\u0103toarele servicii \u0219i pachete:<\/span><\/span><\/p>\n<ol>\n<li>participare la concursul de alergare<\/li>\n<li>medalii de participare unicat, turnate, acordate fiec\u0103rui participant<\/li>\n<li>asigurarea traseelor de alergare<\/li>\n<li>asigurarea asisten\u021bei medicale<\/li>\n<li>num\u0103r de concurs<\/li>\n<li>ap\u0103, b\u0103utur\u0103 izotonic\u0103, la sosire b\u0103utur\u0103 r\u0103coritoare, banane, fructe, ciocolat\u0103, baton m\u00fcsli.<\/li>\n<\/ol>\n<p><span style=\"font-family: Times New Roman, serif;\"><span style=\"font-size: medium;\"><b>VI. Organizatorul va clasifica participan\u021bii dup\u0103 parcurgerea cursei \u00een urm\u0103toarele categorii:<\/b><\/span><\/span><\/p>\n<ul>\n<li>3-6 ani (categoria I)<\/li>\n<li>7-9 ani (categoria II)<\/li>\n<li>10-11 ani (categoria III)<\/li>\n<li>12-13 ani (categoria IV)<\/li>\n<li>14-15 ani (categoria V)<\/li>\n<li>16-17 ani (categoria VI)<\/li>\n<li>18-34 ani (categoria VII)<\/li>\n<li>35-44 ani (categoria VIII)<\/li>\n<li>45-54 ani (categoria IX)<\/li>\n<li>55-64 ani (categoria X)<\/li>\n<li>peste 65 ani (categoria XI)<\/li>\n<\/ul>\n<p><span style=\"font-family: Times New Roman, serif;\"><span style=\"font-size: medium;\"><b>VII. Data concursului, start<\/b><\/span><\/span><\/p>\n<ol>\n<li>Principalele evenimente din data concursului de alergare:\n<ul>\n<li>ora 8.30 \u2013 Deschiderea centrului de concurs<\/li>\n<li>ora 10:00 \u2013 Start.<\/li>\n<\/ul>\n<\/li>\n<\/ol>\n<p><span style=\"font-family: Times New Roman, serif;\"><span style=\"font-size: medium;\"><b>VIII. Traseu<\/b><\/span><\/span><\/p>\n<ol>\n<li>Traseul va fi marcat de organizator cu panglici inscrip\u021bionate \u201eDONATON\u201d, \u00een a\u0219a fel \u00eenc\u00e2t \u00een fiecare punct al traseului este vizibil\u0103 urm\u0103toarea panglic\u0103, respectiv cu indicatoare de orientare \u0219i balize.<\/li>\n<li>Organizatorii vor supraveghea \u00een mai multe puncte respectarea traseului de c\u0103tre participan\u021bi.<\/li>\n<\/ol>\n<p><span style=\"font-family: Times New Roman, serif;\"><span style=\"font-size: medium;\"><b>IX. Publicarea informa\u021biilor, contact, informa\u021bii privind concursul<\/b><\/span><\/span><\/p>\n<ol>\n<li>Organizatorul va publica informa\u021biile privind concursul de alergare pe paginile web <span style=\"color: #0000ff;\"><u><a href=\"https:\/\/www.facebook.com\/kmndonaton\">https:\/\/www.facebook.com\/kmndonaton<\/a><\/u><\/span> , <span style=\"color: #0000ff;\"><u><a href=\"https:\/\/www.facebook.com\/magyarnapok\">https:\/\/www.facebook.com\/magyarnapok<\/a><\/u><\/span>, respectiv <span style=\"color: #0000ff;\"><u><a href=\"https:\/\/donaton.magyarnapok.ro\/\">https:\/\/donaton.magyarnapok.ro\/<\/a><\/u><\/span> , <span style=\"color: #0000ff;\"><u><a href=\"https:\/\/magyarnapok.ro\/\">https:\/\/magyarnapok.ro\/<\/a><\/u><\/span>. Organizatorul nu r\u0103spunde pentru informa\u021biile publicate \u00een orice alt loc.<\/li>\n<li>Organizatorul va publica fotografiile realizate la concursul de alergare pe paginile de mai sus.<\/li>\n<li>Organizatorul exclude din concursul de alergare concurentul care nu completeaz\u0103 formularul de participare cu datele reale (de ex. data na\u0219terii), pliaz\u0103 sau acoper\u0103 num\u0103rul de concurs, nu \u00eel fixeaz\u0103 pe partea din fa\u021b\u0103 a tricoului, se manifest\u0103 \u00een mod nesportiv fa\u021b\u0103 de al\u021bi participan\u021bi (\u00eempingere, \u00eempiedicare inten\u021bionat\u0103 etc.) sau nu respect\u0103 traseul de concurs.<\/li>\n<li>At\u00e2t organizatorul, c\u00e2t \u0219i participan\u021bii sunt obliga\u021bi s\u0103 respecte prezentul regulament pe toat\u0103 durata concursului (de la \u00eenceperea \u00eenscrierilor p\u00e2n\u0103 la publicarea rezultatelor), indiferent c\u0103 formularul de \u00eenscriere a fost sau nu semnat de c\u0103tre participant (at\u00e2t \u00een cazul formularului de \u00eenscriere electronic, c\u00e2t \u0219i al celui pe h\u00e2rtie).<\/li>\n<li>Organizatorul \u00ee\u0219i rezerv\u0103 dreptul de a modifica traseul, programul, data \u0219i ora de desf\u0103\u0219urare a concursului!<\/li>\n<li>Scopul regulamentului de concurs este asigurarea unei atmosfere de sportivitate la concurs, asigurarea siguran\u021bei \u0219i protec\u021biei participan\u021bilor \u0219i cre\u0219terea nivelului concursului, precum \u0219i eviden\u021bierea abilit\u0103\u021bilor \u0219i performan\u021belor concuren\u021bilor f\u0103r\u0103 a restric\u021biona excesiv libertatea lor de a concura. De asemenea, regulamentul are scopul de a stabili \u0219i impune condi\u021biile tehnice \u0219i personale, precum \u0219i de a reglementa activitatea organizatorilor \u0219i a arbitrilor de concurs, respectiv de a-i sanc\u021biona pe cei care \u00eencalc\u0103 prevederile regulamentului de concurs.<\/li>\n<\/ol>\n<p><span style=\"font-family: Times New Roman, serif;\"><span style=\"font-size: medium;\"><b>X. Drept de participare<\/b><\/span><\/span><\/p>\n<ol>\n<li>La concurs pot participa numai concuren\u021bii \u00eenscri\u0219i, \u00eenregistra\u021bi \u0219i echipa\u021bi cu num\u0103r de concurs.<\/li>\n<li>\u00censcrierea \u00een avans este valabil\u0103 numai \u00een cazul \u00een care concurentul a achitat taxa de \u00eenscriere \u00een contul bancar specificat p\u00e2n\u0103 la \u00eencheierea \u00eenscrierilor. \u00cen caz contrar \u00eenscrierea va fi anulat\u0103.<\/li>\n<li>\u00cen cazul concurentului care s-a \u00eenscris dup\u0103 \u00eencheierea \u00eenscrierilor, \u00eenscrierea primit\u0103 \u0219i taxa de \u00eenscriere achitat\u0103 vor fi considerate nule; nu exist\u0103 posibilitate de restituire.<\/li>\n<li>Concurentul are obliga\u021bia de a respecta principiile \u201efair play\u201d pe durata concursului, s\u0103 nu \u00eei \u00eempiedice pe ceilal\u021bi sportivi.<\/li>\n<li>Concurentul are obliga\u021bia de a respecta instruc\u021biunile organizatorului \u0219i ale arbitrului de concurs.<\/li>\n<li>Prin trimiterea formularului de \u00eenscriere \u0219i prin \u00eenregistrare concurentul confirm\u0103 c\u0103 este apt pentru participarea la concurs.<\/li>\n<li>Organizatorul \u00ee\u0219i rezerv\u0103 dreptul de modificare \u00een orice moment \u0219i sub orice aspect; participantul (concurentul) accept\u0103 irevocabil aceast\u0103 condi\u021bie prin predarea \u00eenscrierii.<\/li>\n<\/ol>\n<p>[\/vc_column_text][\/vc_column][\/vc_row]<\/p>\n<\/div>","protected":false},"excerpt":{"rendered":"<p>[vc_row][vc_column width=&#8221;1\/1&#8243;][vc_column_text]REGULAMENT DE CONCURS Prezentul regulament de concurs (\u00een continuare: Regulamentul) se refer\u0103 la CONCURSUL KMN \u2013 DONATON edi\u021bia a VII-a, care va avea loc \u00een data de 23 august, organizatorul principal fiind Asocia\u021bia Clujul Comoar\u0103 (\u00een continuare: Organizatorul). Regulamentul a fost \u00eentocmit de Organizator \u00een vederea derul\u0103rii f\u0103r\u0103 impedimente a concursului, a inform\u0103rii concuren\u021bilor \u0219i a realiz\u0103rii unei competi\u021bii echitabile \u0219i regulamentare. Concursul de alergare se desf\u0103\u0219oar\u0103 pe distan\u021bele de 1 km, 5 km, 10 km, 21 km individual, pe traseele marcate de organizator. Participantul are obliga\u021bia de a achita taxa de \u00eenscriere, respectiv de a accepta \u0219i semna Declara\u021bia de asumare a r\u0103spunderii. Nu exist\u0103 v\u00e2rst\u0103 minim\u0103 de participare la concursul de alergare; condi\u021bia pentru participarea minorilor sunt 18 ani este completarea \u0219i semnarea de c\u0103tre p\u0103rinte a Declara\u021biei de acord al p\u0103rintelui \u0219i a Declara\u021biei de asumare a r\u0103spunderii \u0219i depunerea acestora \u00een momentul \u00eenscrierii. Concuren\u021bii \u00ee\u0219i pot \u00eencerca for\u021bele pe distan\u021bele de\u00a01, 5, 10 \u015fi 21 kilometri. Traseele vor fi marcate \u00een incinta Parcului Etnografic &#8221;Romulus Vuia&#8221; \u0219i \u00een p\u0103durea Hoia. Traseul concursului de 1 km se afl\u0103 integral \u00een incinta Parcului Etnografic. Primul \u0219i ultimul 1 km din traseul curselor de 5, 10 \u015fi 21 [&hellip;]<\/p>\n","protected":false},"author":10,"featured_media":0,"parent":0,"menu_order":0,"comment_status":"closed","ping_status":"closed","template":"","meta":{"footnotes":""},"class_list":["post-15470","page","type-page","status-publish","hentry"],"yoast_head":"<!-- This site is optimized with the Yoast SEO plugin v25.5 - https:\/\/yoast.com\/wordpress\/plugins\/seo\/ -->\n<title>REGULAMENT - Donaton - ZCMC<\/title>\n<meta name=\"robots\" content=\"index, follow, max-snippet:-1, max-image-preview:large, max-video-preview:-1\" \/>\n<link rel=\"canonical\" href=\"https:\/\/donaton.ro\/ro\/versenyszabalyzat\/\" \/>\n<meta property=\"og:locale\" content=\"ro_RO\" \/>\n<meta property=\"og:type\" content=\"article\" \/>\n<meta property=\"og:title\" content=\"REGULAMENT - Donaton - ZCMC\" \/>\n<meta property=\"og:description\" content=\"[vc_row][vc_column width=&#8221;1\/1&#8243;][vc_column_text]REGULAMENT DE CONCURS Prezentul regulament de concurs (\u00een continuare: Regulamentul) se refer\u0103 la CONCURSUL KMN \u2013 DONATON edi\u021bia a VII-a, care va avea loc \u00een data de 23 august, organizatorul principal fiind Asocia\u021bia Clujul Comoar\u0103 (\u00een continuare: Organizatorul). Regulamentul a fost \u00eentocmit de Organizator \u00een vederea derul\u0103rii f\u0103r\u0103 impedimente a concursului, a inform\u0103rii concuren\u021bilor \u0219i a realiz\u0103rii unei competi\u021bii echitabile \u0219i regulamentare. Concursul de alergare se desf\u0103\u0219oar\u0103 pe distan\u021bele de 1 km, 5 km, 10 km, 21 km individual, pe traseele marcate de organizator. Participantul are obliga\u021bia de a achita taxa de \u00eenscriere, respectiv de a accepta \u0219i semna Declara\u021bia de asumare a r\u0103spunderii. Nu exist\u0103 v\u00e2rst\u0103 minim\u0103 de participare la concursul de alergare; condi\u021bia pentru participarea minorilor sunt 18 ani este completarea \u0219i semnarea de c\u0103tre p\u0103rinte a Declara\u021biei de acord al p\u0103rintelui \u0219i a Declara\u021biei de asumare a r\u0103spunderii \u0219i depunerea acestora \u00een momentul \u00eenscrierii. Concuren\u021bii \u00ee\u0219i pot \u00eencerca for\u021bele pe distan\u021bele de\u00a01, 5, 10 \u015fi 21 kilometri. Traseele vor fi marcate \u00een incinta Parcului Etnografic &#8221;Romulus Vuia&#8221; \u0219i \u00een p\u0103durea Hoia. Traseul concursului de 1 km se afl\u0103 integral \u00een incinta Parcului Etnografic. Primul \u0219i ultimul 1 km din traseul curselor de 5, 10 \u015fi 21 [&hellip;]\" \/>\n<meta property=\"og:url\" content=\"https:\/\/donaton.ro\/ro\/versenyszabalyzat\/\" \/>\n<meta property=\"og:site_name\" content=\"Donaton - ZCMC\" \/>\n<meta property=\"article:modified_time\" content=\"2025-05-09T14:35:35+00:00\" \/>\n<meta name=\"twitter:card\" content=\"summary_large_image\" \/>\n<meta name=\"twitter:label1\" content=\"Timp estimat pentru citire\" \/>\n\t<meta name=\"twitter:data1\" content=\"6 minute\" \/>\n<script type=\"application\/ld+json\" class=\"yoast-schema-graph\">{\"@context\":\"https:\/\/schema.org\",\"@graph\":[{\"@type\":\"WebPage\",\"@id\":\"https:\/\/donaton.ro\/ro\/versenyszabalyzat\/\",\"url\":\"https:\/\/donaton.ro\/ro\/versenyszabalyzat\/\",\"name\":\"REGULAMENT - Donaton - ZCMC\",\"isPartOf\":{\"@id\":\"https:\/\/donaton.ro\/ro\/#website\"},\"datePublished\":\"2021-06-22T06:33:51+00:00\",\"dateModified\":\"2025-05-09T14:35:35+00:00\",\"breadcrumb\":{\"@id\":\"https:\/\/donaton.ro\/ro\/versenyszabalyzat\/#breadcrumb\"},\"inLanguage\":\"ro-RO\",\"potentialAction\":[{\"@type\":\"ReadAction\",\"target\":[\"https:\/\/donaton.ro\/ro\/versenyszabalyzat\/\"]}]},{\"@type\":\"BreadcrumbList\",\"@id\":\"https:\/\/donaton.ro\/ro\/versenyszabalyzat\/#breadcrumb\",\"itemListElement\":[{\"@type\":\"ListItem\",\"position\":1,\"name\":\"Home\",\"item\":\"https:\/\/donaton.ro\/ro\/\"},{\"@type\":\"ListItem\",\"position\":2,\"name\":\"REGULAMENT\"}]},{\"@type\":\"WebSite\",\"@id\":\"https:\/\/donaton.ro\/ro\/#website\",\"url\":\"https:\/\/donaton.ro\/ro\/\",\"name\":\"Donaton - ZCMC\",\"description\":\"\",\"potentialAction\":[{\"@type\":\"SearchAction\",\"target\":{\"@type\":\"EntryPoint\",\"urlTemplate\":\"https:\/\/donaton.ro\/ro\/?s={search_term_string}\"},\"query-input\":{\"@type\":\"PropertyValueSpecification\",\"valueRequired\":true,\"valueName\":\"search_term_string\"}}],\"inLanguage\":\"ro-RO\"}]}<\/script>\n<!-- \/ Yoast SEO plugin. -->","yoast_head_json":{"title":"REGULAMENT - Donaton - ZCMC","robots":{"index":"index","follow":"follow","max-snippet":"max-snippet:-1","max-image-preview":"max-image-preview:large","max-video-preview":"max-video-preview:-1"},"canonical":"https:\/\/donaton.ro\/ro\/versenyszabalyzat\/","og_locale":"ro_RO","og_type":"article","og_title":"REGULAMENT - Donaton - ZCMC","og_description":"[vc_row][vc_column width=&#8221;1\/1&#8243;][vc_column_text]REGULAMENT DE CONCURS Prezentul regulament de concurs (\u00een continuare: Regulamentul) se refer\u0103 la CONCURSUL KMN \u2013 DONATON edi\u021bia a VII-a, care va avea loc \u00een data de 23 august, organizatorul principal fiind Asocia\u021bia Clujul Comoar\u0103 (\u00een continuare: Organizatorul). Regulamentul a fost \u00eentocmit de Organizator \u00een vederea derul\u0103rii f\u0103r\u0103 impedimente a concursului, a inform\u0103rii concuren\u021bilor \u0219i a realiz\u0103rii unei competi\u021bii echitabile \u0219i regulamentare. Concursul de alergare se desf\u0103\u0219oar\u0103 pe distan\u021bele de 1 km, 5 km, 10 km, 21 km individual, pe traseele marcate de organizator. Participantul are obliga\u021bia de a achita taxa de \u00eenscriere, respectiv de a accepta \u0219i semna Declara\u021bia de asumare a r\u0103spunderii. Nu exist\u0103 v\u00e2rst\u0103 minim\u0103 de participare la concursul de alergare; condi\u021bia pentru participarea minorilor sunt 18 ani este completarea \u0219i semnarea de c\u0103tre p\u0103rinte a Declara\u021biei de acord al p\u0103rintelui \u0219i a Declara\u021biei de asumare a r\u0103spunderii \u0219i depunerea acestora \u00een momentul \u00eenscrierii. Concuren\u021bii \u00ee\u0219i pot \u00eencerca for\u021bele pe distan\u021bele de\u00a01, 5, 10 \u015fi 21 kilometri. Traseele vor fi marcate \u00een incinta Parcului Etnografic &#8221;Romulus Vuia&#8221; \u0219i \u00een p\u0103durea Hoia. Traseul concursului de 1 km se afl\u0103 integral \u00een incinta Parcului Etnografic. Primul \u0219i ultimul 1 km din traseul curselor de 5, 10 \u015fi 21 [&hellip;]","og_url":"https:\/\/donaton.ro\/ro\/versenyszabalyzat\/","og_site_name":"Donaton - ZCMC","article_modified_time":"2025-05-09T14:35:35+00:00","twitter_card":"summary_large_image","twitter_misc":{"Timp estimat pentru citire":"6 minute"},"schema":{"@context":"https:\/\/schema.org","@graph":[{"@type":"WebPage","@id":"https:\/\/donaton.ro\/ro\/versenyszabalyzat\/","url":"https:\/\/donaton.ro\/ro\/versenyszabalyzat\/","name":"REGULAMENT - Donaton - ZCMC","isPartOf":{"@id":"https:\/\/donaton.ro\/ro\/#website"},"datePublished":"2021-06-22T06:33:51+00:00","dateModified":"2025-05-09T14:35:35+00:00","breadcrumb":{"@id":"https:\/\/donaton.ro\/ro\/versenyszabalyzat\/#breadcrumb"},"inLanguage":"ro-RO","potentialAction":[{"@type":"ReadAction","target":["https:\/\/donaton.ro\/ro\/versenyszabalyzat\/"]}]},{"@type":"BreadcrumbList","@id":"https:\/\/donaton.ro\/ro\/versenyszabalyzat\/#breadcrumb","itemListElement":[{"@type":"ListItem","position":1,"name":"Home","item":"https:\/\/donaton.ro\/ro\/"},{"@type":"ListItem","position":2,"name":"REGULAMENT"}]},{"@type":"WebSite","@id":"https:\/\/donaton.ro\/ro\/#website","url":"https:\/\/donaton.ro\/ro\/","name":"Donaton - ZCMC","description":"","potentialAction":[{"@type":"SearchAction","target":{"@type":"EntryPoint","urlTemplate":"https:\/\/donaton.ro\/ro\/?s={search_term_string}"},"query-input":{"@type":"PropertyValueSpecification","valueRequired":true,"valueName":"search_term_string"}}],"inLanguage":"ro-RO"}]}},"_links":{"self":[{"href":"https:\/\/donaton.ro\/ro\/wp-json\/wp\/v2\/pages\/15470","targetHints":{"allow":["GET"]}}],"collection":[{"href":"https:\/\/donaton.ro\/ro\/wp-json\/wp\/v2\/pages"}],"about":[{"href":"https:\/\/donaton.ro\/ro\/wp-json\/wp\/v2\/types\/page"}],"author":[{"embeddable":true,"href":"https:\/\/donaton.ro\/ro\/wp-json\/wp\/v2\/users\/10"}],"replies":[{"embeddable":true,"href":"https:\/\/donaton.ro\/ro\/wp-json\/wp\/v2\/comments?post=15470"}],"version-history":[{"count":23,"href":"https:\/\/donaton.ro\/ro\/wp-json\/wp\/v2\/pages\/15470\/revisions"}],"predecessor-version":[{"id":17077,"href":"https:\/\/donaton.ro\/ro\/wp-json\/wp\/v2\/pages\/15470\/revisions\/17077"}],"wp:attachment":[{"href":"https:\/\/donaton.ro\/ro\/wp-json\/wp\/v2\/media?parent=15470"}],"curies":[{"name":"wp","href":"https:\/\/api.w.org\/{rel}","templated":true}]}}