{"id":15488,"date":"2021-06-22T06:37:40","date_gmt":"2021-06-22T06:37:40","guid":{"rendered":"https:\/\/donaton.ro\/ro\/?page_id=15488"},"modified":"2024-07-02T12:41:47","modified_gmt":"2024-07-02T12:41:47","slug":"rajtlista","status":"publish","type":"page","link":"https:\/\/donaton.ro\/ro\/rajtlista\/","title":{"rendered":"LISTE DE START"},"content":{"rendered":"<div class=\"wpb-content-wrapper\"><p>[vc_row][vc_column width=&#8221;1\/1&#8243;][vc_column_text]<!-- template: participants-database\/templates\/pdb-list-default.php --><div class=\"wrap pdb-list pdb-instance-1 pdb-scroll-to-error participants-database\" id=\"participants-list-1\">\n  \n<div class=\"pdb-searchform\">\n<div class=\"pdb-error pdb-search-error\" style=\"display:none\">\n<p class=\"search_field_error\">V\u0103 rug\u0103m s\u0103 selecta\u021bi o coloan\u0103 \u00een care s\u0103 c\u0103uta\u021bi<\/p>\n<p class=\"value_error\">V\u0103 rug\u0103m s\u0103 scrie\u021bi ceva pentru a c\u0103uta.<\/p>\n<\/div>\n<form method=\"post\" class=\"sort_filter_form\" action=\"https:\/\/donaton.ro\/ro\/rajtlista\/#participants-list-1\" data-ref=\"update\">\n<input name=\"action\" type=\"hidden\" value=\"pdb_list_filter\" \/>\n\n<input name=\"target_instance\" type=\"hidden\" value=\"1\" \/>\n\n<input name=\"instance_index\" type=\"hidden\" value=\"1\" \/>\n\n<input name=\"pagelink\" type=\"hidden\" value=\"\/ro\/wp-json\/wp\/v2\/pages\/15488?listpage=%1$s\" \/>\n\n<input name=\"sess\" type=\"hidden\" value=\"166fd95ae114db8c7d29d6bbfe6f56b4\" \/>\n\n<fieldset class=\"widefat inline-controls\">\n<legend>C\u0103utare<\/legend>\n<select name=\"search_field\" id=\"pdb-search_field-2\" class=\"search-item\">\n<option value=\"none\">selecteaz\u0103<\/option>\n<option value=\"first_name\">Prenume<\/option>\n<option value=\"last_name\">Nume<\/option>\n<option value=\"nem\">Sex<\/option>\n<option value=\"t\u00e1v\">Traseu<\/option>\n<option value=\"kateg\u00f3ria\">Categorie<\/option>\n<\/select>\n\n<input name=\"operator\" type=\"hidden\" class=\"search-item\" value=\"LIKE\" \/>\n<input name=\"value\" id=\"participant_search_term\" class=\"search-item\" type=\"text\" value=\"\" \/>\n\n<input name=\"submit_button\" class=\"search-form-submit\" data-submit=\"search\" type=\"submit\" value=\"Caut\u0103\">\n<input name=\"submit_button\" class=\"search-form-clear\" data-submit=\"clear\" type=\"submit\" value=\"Reseteaz\u0103\">\n<\/fieldset>\n<fieldset class=\"widefat inline-controls\">\n<legend>Sortare dup\u0103<\/legend>\n<select name=\"sortBy\" id=\"pdb-sortBy-2\" class=\"search-item\">\n<option value=\"\"><\/option>\n<option value=\"first_name\">Prenume<\/option>\n<option value=\"last_name\" selected=\"selected\">Nume<\/option>\n<option value=\"nem\">Sex<\/option>\n<\/select>\n\n<div class=\"radio-group\">\n<fieldset class=\"no-border\">\n<label class=\"checkbox inline search-item\" for=\"pdb-ascdesc-asc-2\">\n<input name=\"ascdesc\" checked=\"checked\" id=\"pdb-ascdesc-asc-2\" class=\"checkbox inline search-item\" type=\"radio\" value=\"ASC\" \/>\nAscendent<\/label>\n<label class=\"checkbox inline search-item\" for=\"pdb-ascdesc-desc-2\">\n<input name=\"ascdesc\" id=\"pdb-ascdesc-desc-2\" class=\"checkbox inline search-item\" type=\"radio\" value=\"DESC\" \/>\nDescendent<\/label>\n<\/fieldset><!-- .no-border --><\/div><!-- .radio-group -->\n\n<input name=\"submit_button\" data-submit=\"sort\" type=\"submit\" value=\"Sorteaz\u0103\" \/>\n<\/fieldset>\n<\/form><\/div>  <table class=\"wp-list-table widefat fixed pages list-container\" >\n\n              \n\n    \n      <thead>\n        <tr>\n          <th class=\"first_name\" scope=\"col\">Prenume<\/th><th class=\"last_name\" scope=\"col\">Nume<\/th><th class=\"nem\" scope=\"col\">Sex<\/th><th class=\"t\u00e1v\" scope=\"col\">Traseu<\/th><th class=\"kateg\u00f3ria\" scope=\"col\">Categorie<\/th>        <\/tr>\n      <\/thead>\n\n      <tbody>\n                    <tr>\n    \n              <td class=\"first_name-field\">\n                \n      Vasile              <\/td>\n\n          \n              <td class=\"last_name-field\">\n                \n      Cociorva              <\/td>\n\n          \n              <td class=\"nem-field\">\n                \n      Masculin              <\/td>\n\n          \n              <td class=\"t\u00e1v-field\">\n                \n      5 km              <\/td>\n\n          \n              <td class=\"kateg\u00f3ria-field\">\n                \n      18-34 ani (categoria VII)              <\/td>\n\n                    <\/tr>\n            <tr>\n    \n              <td class=\"first_name-field\">\n                \n      Adrian              <\/td>\n\n          \n              <td class=\"last_name-field\">\n                \n      Salajan              <\/td>\n\n          \n              <td class=\"nem-field\">\n                \n      Masculin              <\/td>\n\n          \n              <td class=\"t\u00e1v-field\">\n                \n      5 km              <\/td>\n\n          \n              <td class=\"kateg\u00f3ria-field\">\n                \n      35-44 ani (categoria VIII)              <\/td>\n\n                    <\/tr>\n            <tr>\n    \n              <td class=\"first_name-field\">\n                \n      Eric              <\/td>\n\n          \n              <td class=\"last_name-field\">\n                \n      Salajan              <\/td>\n\n          \n              <td class=\"nem-field\">\n                \n      Masculin              <\/td>\n\n          \n              <td class=\"t\u00e1v-field\">\n                \n      1 km              <\/td>\n\n          \n              <td class=\"kateg\u00f3ria-field\">\n                \n      3-6 ani (categoria I)              <\/td>\n\n                    <\/tr>\n        <\/tbody>\n\n\n  <\/table>\n  <\/div><!-- end template: participants-database\/templates\/pdb-list-default.php -->[\/vc_column_text][\/vc_column][\/vc_row]<\/p>\n<\/div>","protected":false},"excerpt":{"rendered":"<p>[vc_row][vc_column width=&#8221;1\/1&#8243;][vc_column_text][\/vc_column_text][\/vc_column][\/vc_row]<\/p>\n","protected":false},"author":10,"featured_media":0,"parent":0,"menu_order":0,"comment_status":"closed","ping_status":"closed","template":"","meta":{"footnotes":""},"class_list":["post-15488","page","type-page","status-publish","hentry"],"yoast_head":"<!-- This site is optimized with the Yoast SEO plugin v25.5 - https:\/\/yoast.com\/wordpress\/plugins\/seo\/ -->\n<title>LISTE DE START - Donaton - ZCMC<\/title>\n<meta name=\"robots\" content=\"index, follow, max-snippet:-1, max-image-preview:large, max-video-preview:-1\" \/>\n<link rel=\"canonical\" href=\"https:\/\/donaton.ro\/ro\/rajtlista\/\" \/>\n<meta property=\"og:locale\" content=\"ro_RO\" \/>\n<meta property=\"og:type\" content=\"article\" \/>\n<meta property=\"og:title\" content=\"LISTE DE START - Donaton - ZCMC\" \/>\n<meta property=\"og:description\" content=\"[vc_row][vc_column width=&#8221;1\/1&#8243;][vc_column_text][\/vc_column_text][\/vc_column][\/vc_row]\" \/>\n<meta property=\"og:url\" content=\"https:\/\/donaton.ro\/ro\/rajtlista\/\" \/>\n<meta property=\"og:site_name\" content=\"Donaton - ZCMC\" \/>\n<meta property=\"article:modified_time\" content=\"2024-07-02T12:41:47+00:00\" \/>\n<meta name=\"twitter:card\" content=\"summary_large_image\" \/>\n<script type=\"application\/ld+json\" class=\"yoast-schema-graph\">{\"@context\":\"https:\/\/schema.org\",\"@graph\":[{\"@type\":\"WebPage\",\"@id\":\"https:\/\/donaton.ro\/ro\/rajtlista\/\",\"url\":\"https:\/\/donaton.ro\/ro\/rajtlista\/\",\"name\":\"LISTE DE START - Donaton - ZCMC\",\"isPartOf\":{\"@id\":\"https:\/\/donaton.ro\/ro\/#website\"},\"datePublished\":\"2021-06-22T06:37:40+00:00\",\"dateModified\":\"2024-07-02T12:41:47+00:00\",\"breadcrumb\":{\"@id\":\"https:\/\/donaton.ro\/ro\/rajtlista\/#breadcrumb\"},\"inLanguage\":\"ro-RO\",\"potentialAction\":[{\"@type\":\"ReadAction\",\"target\":[\"https:\/\/donaton.ro\/ro\/rajtlista\/\"]}]},{\"@type\":\"BreadcrumbList\",\"@id\":\"https:\/\/donaton.ro\/ro\/rajtlista\/#breadcrumb\",\"itemListElement\":[{\"@type\":\"ListItem\",\"position\":1,\"name\":\"Home\",\"item\":\"https:\/\/donaton.ro\/ro\/\"},{\"@type\":\"ListItem\",\"position\":2,\"name\":\"LISTE DE START\"}]},{\"@type\":\"WebSite\",\"@id\":\"https:\/\/donaton.ro\/ro\/#website\",\"url\":\"https:\/\/donaton.ro\/ro\/\",\"name\":\"Donaton - ZCMC\",\"description\":\"\",\"potentialAction\":[{\"@type\":\"SearchAction\",\"target\":{\"@type\":\"EntryPoint\",\"urlTemplate\":\"https:\/\/donaton.ro\/ro\/?s={search_term_string}\"},\"query-input\":{\"@type\":\"PropertyValueSpecification\",\"valueRequired\":true,\"valueName\":\"search_term_string\"}}],\"inLanguage\":\"ro-RO\"}]}<\/script>\n<!-- \/ Yoast SEO plugin. -->","yoast_head_json":{"title":"LISTE DE START - Donaton - ZCMC","robots":{"index":"index","follow":"follow","max-snippet":"max-snippet:-1","max-image-preview":"max-image-preview:large","max-video-preview":"max-video-preview:-1"},"canonical":"https:\/\/donaton.ro\/ro\/rajtlista\/","og_locale":"ro_RO","og_type":"article","og_title":"LISTE DE START - Donaton - ZCMC","og_description":"[vc_row][vc_column width=&#8221;1\/1&#8243;][vc_column_text][\/vc_column_text][\/vc_column][\/vc_row]","og_url":"https:\/\/donaton.ro\/ro\/rajtlista\/","og_site_name":"Donaton - ZCMC","article_modified_time":"2024-07-02T12:41:47+00:00","twitter_card":"summary_large_image","schema":{"@context":"https:\/\/schema.org","@graph":[{"@type":"WebPage","@id":"https:\/\/donaton.ro\/ro\/rajtlista\/","url":"https:\/\/donaton.ro\/ro\/rajtlista\/","name":"LISTE DE START - Donaton - ZCMC","isPartOf":{"@id":"https:\/\/donaton.ro\/ro\/#website"},"datePublished":"2021-06-22T06:37:40+00:00","dateModified":"2024-07-02T12:41:47+00:00","breadcrumb":{"@id":"https:\/\/donaton.ro\/ro\/rajtlista\/#breadcrumb"},"inLanguage":"ro-RO","potentialAction":[{"@type":"ReadAction","target":["https:\/\/donaton.ro\/ro\/rajtlista\/"]}]},{"@type":"BreadcrumbList","@id":"https:\/\/donaton.ro\/ro\/rajtlista\/#breadcrumb","itemListElement":[{"@type":"ListItem","position":1,"name":"Home","item":"https:\/\/donaton.ro\/ro\/"},{"@type":"ListItem","position":2,"name":"LISTE DE START"}]},{"@type":"WebSite","@id":"https:\/\/donaton.ro\/ro\/#website","url":"https:\/\/donaton.ro\/ro\/","name":"Donaton - ZCMC","description":"","potentialAction":[{"@type":"SearchAction","target":{"@type":"EntryPoint","urlTemplate":"https:\/\/donaton.ro\/ro\/?s={search_term_string}"},"query-input":{"@type":"PropertyValueSpecification","valueRequired":true,"valueName":"search_term_string"}}],"inLanguage":"ro-RO"}]}},"_links":{"self":[{"href":"https:\/\/donaton.ro\/ro\/wp-json\/wp\/v2\/pages\/15488","targetHints":{"allow":["GET"]}}],"collection":[{"href":"https:\/\/donaton.ro\/ro\/wp-json\/wp\/v2\/pages"}],"about":[{"href":"https:\/\/donaton.ro\/ro\/wp-json\/wp\/v2\/types\/page"}],"author":[{"embeddable":true,"href":"https:\/\/donaton.ro\/ro\/wp-json\/wp\/v2\/users\/10"}],"replies":[{"embeddable":true,"href":"https:\/\/donaton.ro\/ro\/wp-json\/wp\/v2\/comments?post=15488"}],"version-history":[{"count":1,"href":"https:\/\/donaton.ro\/ro\/wp-json\/wp\/v2\/pages\/15488\/revisions"}],"predecessor-version":[{"id":16604,"href":"https:\/\/donaton.ro\/ro\/wp-json\/wp\/v2\/pages\/15488\/revisions\/16604"}],"wp:attachment":[{"href":"https:\/\/donaton.ro\/ro\/wp-json\/wp\/v2\/media?parent=15488"}],"curies":[{"name":"wp","href":"https:\/\/api.w.org\/{rel}","templated":true}]}}