{"id":3744,"date":"2014-01-06T16:12:37","date_gmt":"2014-01-06T16:12:37","guid":{"rendered":"http:\/\/localhost:8888\/themes\/novice\/?page_id=3744"},"modified":"2025-05-13T07:16:56","modified_gmt":"2025-05-13T07:16:56","slug":"home-parallax","status":"publish","type":"page","link":"https:\/\/donaton.ro\/ro\/","title":{"rendered":"Donaton &#8211; ZCMC"},"content":{"rendered":"<div class=\"wpb-content-wrapper\"><p>[vc_row bg_image=&#8221;17082&#8243; bg_color=&#8221;#1cbac8&#8243; section_arrow=&#8221;false&#8221; text_color=&#8221;light&#8221; top_padding=&#8221;190&#8243; bottom_padding=&#8221;190&#8243; bg_position=&#8221;left top&#8221;][vc_column width=&#8221;1\/1&#8243;]<h1 class=\"headline font-inherit fontsize-xxxxxl fontweight-900 lh-inherit align-center transform-inherit \" style=\"margin: 0 0 20px 0; color: #c9d600;\"><\/h1><h2 class=\"headline font-inherit fontsize-xxl fontweight-600 lh-inherit align-center transform-inherit \" style=\"margin: 0 0 80px 0; color: rgba(0,0,0,0.85);\"><\/h2>[\/vc_column][\/vc_row][vc_row bg_image=&#8221;13240&#8243; parallax_bg=&#8221;true&#8221; top_padding=&#8221;0&#8243; bottom_padding=&#8221;50&#8243; bg_position=&#8221;left top&#8221;][vc_column el_class=&#8221;home-title&#8221;]<h1 class=\"headline font-inherit fontsize-xxxxl fontweight-900 lh-inherit align-center transform-inherit \" style=\"margin: 0 0 0 0; color: #3192c8;\">Despre DONATON<\/h1>[vc_zigzag color=&#8221;custom&#8221; el_width=&#8221;10&#8243; el_border_width=&#8221;10&#8243; custom_color=&#8221;#c9d600&#8243;][\/vc_column][vc_column el_class=&#8221;video-container&#8221; bg_image=&#8221;17084&#8243; column_center=&#8221;true&#8221; width=&#8221;1\/2&#8243;]<div class=\"spacer\" style=\"height: 5px;\"><\/div>[\/vc_column][vc_column el_class=&#8221;home-about-us&#8221; column_padding=&#8221;custom-padding&#8221; column_custompadding=&#8221;50px 20px 20px 20px&#8221; width=&#8221;1\/2&#8243;][vc_column_text]<span lang=\"EN-US\">Legenda spune c\u0103 \u00eentr-o noapte, \u00een urm\u0103 cu 400 de ani, afl\u00e2ndu-se cu turma la p\u0103scut \u00een p\u0103durea Hoia, p\u0103storul Don\u00e1t a z\u0103rit oastea otoman\u0103 preg\u0103tit\u0103 s\u0103 atace ora\u0219ul prin locul care ast\u0103zi se nume\u0219te T\u0103ietura Turcului. Asemeni eroului grec de la Marathon, p\u0103storul a fugit s\u0103 duc\u0103 vestea concet\u0103\u021benilor s\u0103i. A trecut pe ner\u0103suflate de poarta M\u0103n\u0103\u0219turului \u0219i nu s-a oprit p\u00e2n\u0103 la prim\u0103rie. Acolo a spus ce a avut de spus, dup\u0103 care, din cauza emo\u021biei \u0219i a efortului, a c\u0103zut mort. Oastea ora\u0219ului \u00eens\u0103 s-a adunat numaidec\u00e2t \u0219i a reu\u0219it s\u0103-i alunge pe inamic. Drumul parcurs de cioban poart\u0103 \u0219i azi numele de Don\u00e1t. \u00cen cadrul Zilelor Culturale Maghiare din Cluj \u00eei cinstim memoria prin Concursul de alergare Donaton. <\/span>[\/vc_column_text]<a href=\"https:\/\/donaton.ro\/ro\/despre-donaton\/\" target=\"_self\" class=\"button custom medium home-about-us-btn\" style=\"background-color: #3192c8; border-color: #3192c8;border-radius: 2px;\">MAI DEPARTE<\/a>[\/vc_column][\/vc_row][vc_row top_padding=&#8221;50&#8243; bottom_padding=&#8221;50&#8243; bg_position=&#8221;left top&#8221;][vc_column][vc_row_inner][vc_column_inner]<h1 class=\"headline font-inherit fontsize-xxxxl fontweight-900 lh-inherit align-center transform-inherit \" style=\"margin: 0 0 0px 0; color: #3192c8;\">CROS DONATON &#8211; edi\u021bia a 7-a<\/h1>[vc_zigzag color=&#8221;custom&#8221; el_width=&#8221;10&#8243; el_border_width=&#8221;10&#8243; custom_color=&#8221;#c9d600&#8243;][\/vc_column_inner][\/vc_row_inner][\/vc_column][\/vc_row][vc_row bottom_padding=&#8221;50&#8243; bg_position=&#8221;left top&#8221;][vc_column width=&#8221;1\/3&#8243;]<div class=\"iconbox  iconbox-style-7 icon-color-accent color-dark clearfix\"><i class=\"fa  fa-map-marker boxicon\" style=\"\"><\/i><h3><\/h3><p>\n<h2 style=\"color: #3192c8;\"><strong>Locul de desf\u0103\u0219urare: PARCUL ETNOGRAFIC &#8221;ROMULUS VUIA&#8221;<\/strong><\/h2>\n<\/p><\/div>[\/vc_column][vc_column width=&#8221;1\/3&#8243;]<div class=\"iconbox  iconbox-style-7 icon-color-accent color-dark clearfix\"><i class=\"fa fa-clock-o boxicon\" style=\"\"><\/i><h3><\/h3><p>\n<h2 style=\"color: #3192c8;\"><strong>START: 23<\/strong><strong> AUGUST 2025, ORA <\/strong><strong>10:00<\/strong><\/h2>\n<\/p><\/div>[\/vc_column][vc_column width=&#8221;1\/3&#8243;]<div class=\"iconbox  iconbox-style-7 icon-color-accent color-dark clearfix\"><i class=\"fa fa-child boxicon\" style=\"\"><\/i><h3><\/h3><p>\n<h2 style=\"color: #3192c8;\"><strong>TRASEE: 1 km, 5 km, 10 km, 21 km<br \/>\n<\/strong><\/h2>\n<\/p><\/div>[\/vc_column][\/vc_row][vc_row type=&#8221;full_width_section&#8221; top_padding=&#8221;0&#8243;][vc_column width=&#8221;1\/1&#8243;]<div class=\"spacer\" style=\"height: 0px;\"><\/div>[\/vc_column][\/vc_row][vc_row top_padding=&#8221;50&#8243; bottom_padding=&#8221;50&#8243; bg_position=&#8221;center center&#8221;][vc_column]<h1 class=\"headline font-inherit fontsize-xxxxl fontweight-900 lh-inherit align-center transform-inherit \" style=\"margin: 0 0 0px 0; color: #3192c8;\">Organizatori<\/h1>[vc_zigzag color=&#8221;custom&#8221; el_width=&#8221;10&#8243; el_border_width=&#8221;10&#8243; custom_color=&#8221;#c9d600&#8243; css=&#8221;.vc_custom_1624607493717{padding-bottom: 50px !important;}&#8221;][vc_row_inner][vc_column_inner width=&#8221;1\/3&#8243;]<div class=\"single_image wpb_content_element align-center    \" data-animation=\"none\" data-delay=\"0\"><img loading=\"lazy\" decoding=\"async\" width=\"250\" height=\"208\" src=\"https:\/\/donaton.ro\/ro\/wp-content\/uploads\/2024\/07\/asociatia_clujul_comoara-2.png\" class=\"attachment-medium\" alt=\"\" title=\"asociatia_clujul_comoara\" \/><\/div>[\/vc_column_inner][vc_column_inner width=&#8221;1\/3&#8243;]<div class=\"single_image wpb_content_element align-center    \" data-animation=\"none\" data-delay=\"0\"><img loading=\"lazy\" decoding=\"async\" width=\"250\" height=\"189\" src=\"https:\/\/donaton.ro\/ro\/wp-content\/uploads\/2024\/07\/orosz-alapitvany-250x189-removebg-preview.png\" class=\"attachment-full\" alt=\"\" title=\"orosz-alapitvany-250x189-removebg-preview\" \/><\/div>[\/vc_column_inner][vc_column_inner width=&#8221;1\/3&#8243;]<div class=\"single_image wpb_content_element align-center    \" data-animation=\"none\" data-delay=\"0\"><img loading=\"lazy\" decoding=\"async\" width=\"250\" height=\"250\" src=\"https:\/\/donaton.ro\/ro\/wp-content\/uploads\/2024\/07\/asociatia_zcmc-removebg-preview-2.png\" class=\"attachment-medium\" alt=\"\" title=\"asociatia_zcmc-removebg-preview\" srcset=\"https:\/\/donaton.ro\/ro\/wp-content\/uploads\/2024\/07\/asociatia_zcmc-removebg-preview-2.png 250w, https:\/\/donaton.ro\/ro\/wp-content\/uploads\/2024\/07\/asociatia_zcmc-removebg-preview-2-150x150.png 150w, https:\/\/donaton.ro\/ro\/wp-content\/uploads\/2024\/07\/asociatia_zcmc-removebg-preview-2-80x80.png 80w\" sizes=\"auto, (max-width: 250px) 100vw, 250px\" \/><\/div>[\/vc_column_inner][\/vc_row_inner][\/vc_column][\/vc_row][vc_row top_padding=&#8221;50&#8243; bottom_padding=&#8221;50&#8243; bg_position=&#8221;center center&#8221;][vc_column][vc_row_inner][vc_column_inner]<div class=\"single_image wpb_content_element align-center    \" data-animation=\"none\" data-delay=\"0\"><\/div>[\/vc_column_inner][\/vc_row_inner][\/vc_column][\/vc_row]<\/p>\n<\/div>","protected":false},"excerpt":{"rendered":"<p>[vc_row bg_image=&#8221;17082&#8243; bg_color=&#8221;#1cbac8&#8243; section_arrow=&#8221;false&#8221; text_color=&#8221;light&#8221; top_padding=&#8221;190&#8243; bottom_padding=&#8221;190&#8243; bg_position=&#8221;left top&#8221;][vc_column width=&#8221;1\/1&#8243;][\/vc_column][\/vc_row][vc_row bg_image=&#8221;13240&#8243; parallax_bg=&#8221;true&#8221; top_padding=&#8221;0&#8243; bottom_padding=&#8221;50&#8243; bg_position=&#8221;left top&#8221;][vc_column el_class=&#8221;home-title&#8221;][vc_zigzag color=&#8221;custom&#8221; el_width=&#8221;10&#8243; el_border_width=&#8221;10&#8243; custom_color=&#8221;#c9d600&#8243;][\/vc_column][vc_column el_class=&#8221;video-container&#8221; bg_image=&#8221;17084&#8243; column_center=&#8221;true&#8221; width=&#8221;1\/2&#8243;][\/vc_column][vc_column el_class=&#8221;home-about-us&#8221; column_padding=&#8221;custom-padding&#8221; column_custompadding=&#8221;50px 20px 20px 20px&#8221; width=&#8221;1\/2&#8243;][vc_column_text]Legenda spune c\u0103 \u00eentr-o noapte, \u00een urm\u0103 cu 400 de ani, afl\u00e2ndu-se cu turma la p\u0103scut \u00een p\u0103durea Hoia, p\u0103storul Don\u00e1t a z\u0103rit oastea otoman\u0103 preg\u0103tit\u0103 s\u0103 atace ora\u0219ul prin locul care ast\u0103zi se nume\u0219te T\u0103ietura Turcului. Asemeni eroului grec de la Marathon, p\u0103storul a fugit s\u0103 duc\u0103 vestea concet\u0103\u021benilor s\u0103i. A trecut pe ner\u0103suflate de poarta M\u0103n\u0103\u0219turului \u0219i nu s-a oprit p\u00e2n\u0103 la prim\u0103rie. Acolo a spus ce a avut de spus, dup\u0103 care, din cauza emo\u021biei \u0219i a efortului, a c\u0103zut mort. Oastea ora\u0219ului \u00eens\u0103 s-a adunat numaidec\u00e2t \u0219i a reu\u0219it s\u0103-i alunge pe inamic. Drumul parcurs de cioban poart\u0103 \u0219i azi numele de Don\u00e1t. \u00cen cadrul Zilelor Culturale Maghiare din Cluj \u00eei cinstim memoria prin Concursul de alergare Donaton. [\/vc_column_text][\/vc_column][\/vc_row][vc_row top_padding=&#8221;50&#8243; bottom_padding=&#8221;50&#8243; bg_position=&#8221;left top&#8221;][vc_column][vc_row_inner][vc_column_inner][vc_zigzag color=&#8221;custom&#8221; el_width=&#8221;10&#8243; el_border_width=&#8221;10&#8243; custom_color=&#8221;#c9d600&#8243;][\/vc_column_inner][\/vc_row_inner][\/vc_column][\/vc_row][vc_row bottom_padding=&#8221;50&#8243; bg_position=&#8221;left top&#8221;][vc_column width=&#8221;1\/3&#8243;][\/vc_column][vc_column width=&#8221;1\/3&#8243;][\/vc_column][vc_column width=&#8221;1\/3&#8243;][\/vc_column][\/vc_row][vc_row type=&#8221;full_width_section&#8221; top_padding=&#8221;0&#8243;][vc_column width=&#8221;1\/1&#8243;][\/vc_column][\/vc_row][vc_row top_padding=&#8221;50&#8243; bottom_padding=&#8221;50&#8243; bg_position=&#8221;center center&#8221;][vc_column][vc_zigzag color=&#8221;custom&#8221; el_width=&#8221;10&#8243; el_border_width=&#8221;10&#8243; custom_color=&#8221;#c9d600&#8243; css=&#8221;.vc_custom_1624607493717{padding-bottom: 50px !important;}&#8221;][vc_row_inner][vc_column_inner width=&#8221;1\/3&#8243;][\/vc_column_inner][vc_column_inner width=&#8221;1\/3&#8243;][\/vc_column_inner][vc_column_inner width=&#8221;1\/3&#8243;][\/vc_column_inner][\/vc_row_inner][\/vc_column][\/vc_row][vc_row top_padding=&#8221;50&#8243; bottom_padding=&#8221;50&#8243; bg_position=&#8221;center center&#8221;][vc_column][vc_row_inner][vc_column_inner][\/vc_column_inner][\/vc_row_inner][\/vc_column][\/vc_row]<\/p>\n","protected":false},"author":10,"featured_media":0,"parent":0,"menu_order":0,"comment_status":"closed","ping_status":"closed","template":"","meta":{"footnotes":""},"class_list":["post-3744","page","type-page","status-publish","hentry"],"yoast_head":"<!-- This site is optimized with the Yoast SEO plugin v25.5 - https:\/\/yoast.com\/wordpress\/plugins\/seo\/ -->\n<title>Donaton - ZCMC - Donaton - ZCMC<\/title>\n<meta name=\"robots\" content=\"index, follow, max-snippet:-1, max-image-preview:large, max-video-preview:-1\" \/>\n<link rel=\"canonical\" href=\"https:\/\/donaton.ro\/ro\/\" \/>\n<meta property=\"og:locale\" content=\"ro_RO\" \/>\n<meta property=\"og:type\" content=\"article\" \/>\n<meta property=\"og:title\" content=\"Donaton - ZCMC - Donaton - ZCMC\" \/>\n<meta property=\"og:description\" content=\"[vc_row bg_image=&#8221;17082&#8243; bg_color=&#8221;#1cbac8&#8243; section_arrow=&#8221;false&#8221; text_color=&#8221;light&#8221; top_padding=&#8221;190&#8243; bottom_padding=&#8221;190&#8243; bg_position=&#8221;left top&#8221;][vc_column width=&#8221;1\/1&#8243;][\/vc_column][\/vc_row][vc_row bg_image=&#8221;13240&#8243; parallax_bg=&#8221;true&#8221; top_padding=&#8221;0&#8243; bottom_padding=&#8221;50&#8243; bg_position=&#8221;left top&#8221;][vc_column el_class=&#8221;home-title&#8221;][vc_zigzag color=&#8221;custom&#8221; el_width=&#8221;10&#8243; el_border_width=&#8221;10&#8243; custom_color=&#8221;#c9d600&#8243;][\/vc_column][vc_column el_class=&#8221;video-container&#8221; bg_image=&#8221;17084&#8243; column_center=&#8221;true&#8221; width=&#8221;1\/2&#8243;][\/vc_column][vc_column el_class=&#8221;home-about-us&#8221; column_padding=&#8221;custom-padding&#8221; column_custompadding=&#8221;50px 20px 20px 20px&#8221; width=&#8221;1\/2&#8243;][vc_column_text]Legenda spune c\u0103 \u00eentr-o noapte, \u00een urm\u0103 cu 400 de ani, afl\u00e2ndu-se cu turma la p\u0103scut \u00een p\u0103durea Hoia, p\u0103storul Don\u00e1t a z\u0103rit oastea otoman\u0103 preg\u0103tit\u0103 s\u0103 atace ora\u0219ul prin locul care ast\u0103zi se nume\u0219te T\u0103ietura Turcului. Asemeni eroului grec de la Marathon, p\u0103storul a fugit s\u0103 duc\u0103 vestea concet\u0103\u021benilor s\u0103i. A trecut pe ner\u0103suflate de poarta M\u0103n\u0103\u0219turului \u0219i nu s-a oprit p\u00e2n\u0103 la prim\u0103rie. Acolo a spus ce a avut de spus, dup\u0103 care, din cauza emo\u021biei \u0219i a efortului, a c\u0103zut mort. Oastea ora\u0219ului \u00eens\u0103 s-a adunat numaidec\u00e2t \u0219i a reu\u0219it s\u0103-i alunge pe inamic. Drumul parcurs de cioban poart\u0103 \u0219i azi numele de Don\u00e1t. \u00cen cadrul Zilelor Culturale Maghiare din Cluj \u00eei cinstim memoria prin Concursul de alergare Donaton. [\/vc_column_text][\/vc_column][\/vc_row][vc_row top_padding=&#8221;50&#8243; bottom_padding=&#8221;50&#8243; bg_position=&#8221;left top&#8221;][vc_column][vc_row_inner][vc_column_inner][vc_zigzag color=&#8221;custom&#8221; el_width=&#8221;10&#8243; el_border_width=&#8221;10&#8243; custom_color=&#8221;#c9d600&#8243;][\/vc_column_inner][\/vc_row_inner][\/vc_column][\/vc_row][vc_row bottom_padding=&#8221;50&#8243; bg_position=&#8221;left top&#8221;][vc_column width=&#8221;1\/3&#8243;][\/vc_column][vc_column width=&#8221;1\/3&#8243;][\/vc_column][vc_column width=&#8221;1\/3&#8243;][\/vc_column][\/vc_row][vc_row type=&#8221;full_width_section&#8221; top_padding=&#8221;0&#8243;][vc_column width=&#8221;1\/1&#8243;][\/vc_column][\/vc_row][vc_row top_padding=&#8221;50&#8243; bottom_padding=&#8221;50&#8243; bg_position=&#8221;center center&#8221;][vc_column][vc_zigzag color=&#8221;custom&#8221; el_width=&#8221;10&#8243; el_border_width=&#8221;10&#8243; custom_color=&#8221;#c9d600&#8243; css=&#8221;.vc_custom_1624607493717{padding-bottom: 50px !important;}&#8221;][vc_row_inner][vc_column_inner width=&#8221;1\/3&#8243;][\/vc_column_inner][vc_column_inner width=&#8221;1\/3&#8243;][\/vc_column_inner][vc_column_inner width=&#8221;1\/3&#8243;][\/vc_column_inner][\/vc_row_inner][\/vc_column][\/vc_row][vc_row top_padding=&#8221;50&#8243; bottom_padding=&#8221;50&#8243; bg_position=&#8221;center center&#8221;][vc_column][vc_row_inner][vc_column_inner][\/vc_column_inner][\/vc_row_inner][\/vc_column][\/vc_row]\" \/>\n<meta property=\"og:url\" content=\"https:\/\/donaton.ro\/ro\/\" \/>\n<meta property=\"og:site_name\" content=\"Donaton - ZCMC\" \/>\n<meta property=\"article:modified_time\" content=\"2025-05-13T07:16:56+00:00\" \/>\n<meta name=\"twitter:card\" content=\"summary_large_image\" \/>\n<meta name=\"twitter:label1\" content=\"Timp estimat pentru citire\" \/>\n\t<meta name=\"twitter:data1\" content=\"2 minute\" \/>\n<script type=\"application\/ld+json\" class=\"yoast-schema-graph\">{\"@context\":\"https:\/\/schema.org\",\"@graph\":[{\"@type\":\"WebPage\",\"@id\":\"https:\/\/donaton.ro\/ro\/\",\"url\":\"https:\/\/donaton.ro\/ro\/\",\"name\":\"Donaton - ZCMC - Donaton - ZCMC\",\"isPartOf\":{\"@id\":\"https:\/\/donaton.ro\/ro\/#website\"},\"datePublished\":\"2014-01-06T16:12:37+00:00\",\"dateModified\":\"2025-05-13T07:16:56+00:00\",\"breadcrumb\":{\"@id\":\"https:\/\/donaton.ro\/ro\/#breadcrumb\"},\"inLanguage\":\"ro-RO\",\"potentialAction\":[{\"@type\":\"ReadAction\",\"target\":[\"https:\/\/donaton.ro\/ro\/\"]}]},{\"@type\":\"BreadcrumbList\",\"@id\":\"https:\/\/donaton.ro\/ro\/#breadcrumb\",\"itemListElement\":[{\"@type\":\"ListItem\",\"position\":1,\"name\":\"Home\",\"item\":\"https:\/\/donaton.ro\/ro\/\"},{\"@type\":\"ListItem\",\"position\":2,\"name\":\"Donaton &#8211; ZCMC\"}]},{\"@type\":\"WebSite\",\"@id\":\"https:\/\/donaton.ro\/ro\/#website\",\"url\":\"https:\/\/donaton.ro\/ro\/\",\"name\":\"Donaton - ZCMC\",\"description\":\"\",\"potentialAction\":[{\"@type\":\"SearchAction\",\"target\":{\"@type\":\"EntryPoint\",\"urlTemplate\":\"https:\/\/donaton.ro\/ro\/?s={search_term_string}\"},\"query-input\":{\"@type\":\"PropertyValueSpecification\",\"valueRequired\":true,\"valueName\":\"search_term_string\"}}],\"inLanguage\":\"ro-RO\"}]}<\/script>\n<!-- \/ Yoast SEO plugin. -->","yoast_head_json":{"title":"Donaton - ZCMC - Donaton - ZCMC","robots":{"index":"index","follow":"follow","max-snippet":"max-snippet:-1","max-image-preview":"max-image-preview:large","max-video-preview":"max-video-preview:-1"},"canonical":"https:\/\/donaton.ro\/ro\/","og_locale":"ro_RO","og_type":"article","og_title":"Donaton - ZCMC - Donaton - ZCMC","og_description":"[vc_row bg_image=&#8221;17082&#8243; bg_color=&#8221;#1cbac8&#8243; section_arrow=&#8221;false&#8221; text_color=&#8221;light&#8221; top_padding=&#8221;190&#8243; bottom_padding=&#8221;190&#8243; bg_position=&#8221;left top&#8221;][vc_column width=&#8221;1\/1&#8243;][\/vc_column][\/vc_row][vc_row bg_image=&#8221;13240&#8243; parallax_bg=&#8221;true&#8221; top_padding=&#8221;0&#8243; bottom_padding=&#8221;50&#8243; bg_position=&#8221;left top&#8221;][vc_column el_class=&#8221;home-title&#8221;][vc_zigzag color=&#8221;custom&#8221; el_width=&#8221;10&#8243; el_border_width=&#8221;10&#8243; custom_color=&#8221;#c9d600&#8243;][\/vc_column][vc_column el_class=&#8221;video-container&#8221; bg_image=&#8221;17084&#8243; column_center=&#8221;true&#8221; width=&#8221;1\/2&#8243;][\/vc_column][vc_column el_class=&#8221;home-about-us&#8221; column_padding=&#8221;custom-padding&#8221; column_custompadding=&#8221;50px 20px 20px 20px&#8221; width=&#8221;1\/2&#8243;][vc_column_text]Legenda spune c\u0103 \u00eentr-o noapte, \u00een urm\u0103 cu 400 de ani, afl\u00e2ndu-se cu turma la p\u0103scut \u00een p\u0103durea Hoia, p\u0103storul Don\u00e1t a z\u0103rit oastea otoman\u0103 preg\u0103tit\u0103 s\u0103 atace ora\u0219ul prin locul care ast\u0103zi se nume\u0219te T\u0103ietura Turcului. Asemeni eroului grec de la Marathon, p\u0103storul a fugit s\u0103 duc\u0103 vestea concet\u0103\u021benilor s\u0103i. A trecut pe ner\u0103suflate de poarta M\u0103n\u0103\u0219turului \u0219i nu s-a oprit p\u00e2n\u0103 la prim\u0103rie. Acolo a spus ce a avut de spus, dup\u0103 care, din cauza emo\u021biei \u0219i a efortului, a c\u0103zut mort. Oastea ora\u0219ului \u00eens\u0103 s-a adunat numaidec\u00e2t \u0219i a reu\u0219it s\u0103-i alunge pe inamic. Drumul parcurs de cioban poart\u0103 \u0219i azi numele de Don\u00e1t. \u00cen cadrul Zilelor Culturale Maghiare din Cluj \u00eei cinstim memoria prin Concursul de alergare Donaton. [\/vc_column_text][\/vc_column][\/vc_row][vc_row top_padding=&#8221;50&#8243; bottom_padding=&#8221;50&#8243; bg_position=&#8221;left top&#8221;][vc_column][vc_row_inner][vc_column_inner][vc_zigzag color=&#8221;custom&#8221; el_width=&#8221;10&#8243; el_border_width=&#8221;10&#8243; custom_color=&#8221;#c9d600&#8243;][\/vc_column_inner][\/vc_row_inner][\/vc_column][\/vc_row][vc_row bottom_padding=&#8221;50&#8243; bg_position=&#8221;left top&#8221;][vc_column width=&#8221;1\/3&#8243;][\/vc_column][vc_column width=&#8221;1\/3&#8243;][\/vc_column][vc_column width=&#8221;1\/3&#8243;][\/vc_column][\/vc_row][vc_row type=&#8221;full_width_section&#8221; top_padding=&#8221;0&#8243;][vc_column width=&#8221;1\/1&#8243;][\/vc_column][\/vc_row][vc_row top_padding=&#8221;50&#8243; bottom_padding=&#8221;50&#8243; bg_position=&#8221;center center&#8221;][vc_column][vc_zigzag color=&#8221;custom&#8221; el_width=&#8221;10&#8243; el_border_width=&#8221;10&#8243; custom_color=&#8221;#c9d600&#8243; css=&#8221;.vc_custom_1624607493717{padding-bottom: 50px !important;}&#8221;][vc_row_inner][vc_column_inner width=&#8221;1\/3&#8243;][\/vc_column_inner][vc_column_inner width=&#8221;1\/3&#8243;][\/vc_column_inner][vc_column_inner width=&#8221;1\/3&#8243;][\/vc_column_inner][\/vc_row_inner][\/vc_column][\/vc_row][vc_row top_padding=&#8221;50&#8243; bottom_padding=&#8221;50&#8243; bg_position=&#8221;center center&#8221;][vc_column][vc_row_inner][vc_column_inner][\/vc_column_inner][\/vc_row_inner][\/vc_column][\/vc_row]","og_url":"https:\/\/donaton.ro\/ro\/","og_site_name":"Donaton - ZCMC","article_modified_time":"2025-05-13T07:16:56+00:00","twitter_card":"summary_large_image","twitter_misc":{"Timp estimat pentru citire":"2 minute"},"schema":{"@context":"https:\/\/schema.org","@graph":[{"@type":"WebPage","@id":"https:\/\/donaton.ro\/ro\/","url":"https:\/\/donaton.ro\/ro\/","name":"Donaton - ZCMC - Donaton - ZCMC","isPartOf":{"@id":"https:\/\/donaton.ro\/ro\/#website"},"datePublished":"2014-01-06T16:12:37+00:00","dateModified":"2025-05-13T07:16:56+00:00","breadcrumb":{"@id":"https:\/\/donaton.ro\/ro\/#breadcrumb"},"inLanguage":"ro-RO","potentialAction":[{"@type":"ReadAction","target":["https:\/\/donaton.ro\/ro\/"]}]},{"@type":"BreadcrumbList","@id":"https:\/\/donaton.ro\/ro\/#breadcrumb","itemListElement":[{"@type":"ListItem","position":1,"name":"Home","item":"https:\/\/donaton.ro\/ro\/"},{"@type":"ListItem","position":2,"name":"Donaton &#8211; ZCMC"}]},{"@type":"WebSite","@id":"https:\/\/donaton.ro\/ro\/#website","url":"https:\/\/donaton.ro\/ro\/","name":"Donaton - ZCMC","description":"","potentialAction":[{"@type":"SearchAction","target":{"@type":"EntryPoint","urlTemplate":"https:\/\/donaton.ro\/ro\/?s={search_term_string}"},"query-input":{"@type":"PropertyValueSpecification","valueRequired":true,"valueName":"search_term_string"}}],"inLanguage":"ro-RO"}]}},"_links":{"self":[{"href":"https:\/\/donaton.ro\/ro\/wp-json\/wp\/v2\/pages\/3744","targetHints":{"allow":["GET"]}}],"collection":[{"href":"https:\/\/donaton.ro\/ro\/wp-json\/wp\/v2\/pages"}],"about":[{"href":"https:\/\/donaton.ro\/ro\/wp-json\/wp\/v2\/types\/page"}],"author":[{"embeddable":true,"href":"https:\/\/donaton.ro\/ro\/wp-json\/wp\/v2\/users\/10"}],"replies":[{"embeddable":true,"href":"https:\/\/donaton.ro\/ro\/wp-json\/wp\/v2\/comments?post=3744"}],"version-history":[{"count":74,"href":"https:\/\/donaton.ro\/ro\/wp-json\/wp\/v2\/pages\/3744\/revisions"}],"predecessor-version":[{"id":17085,"href":"https:\/\/donaton.ro\/ro\/wp-json\/wp\/v2\/pages\/3744\/revisions\/17085"}],"wp:attachment":[{"href":"https:\/\/donaton.ro\/ro\/wp-json\/wp\/v2\/media?parent=3744"}],"curies":[{"name":"wp","href":"https:\/\/api.w.org\/{rel}","templated":true}]}}